{"id":17,"date":"2022-12-05T14:03:08","date_gmt":"2022-12-05T14:03:08","guid":{"rendered":"https:\/\/marcus-uli-wedding.de\/?page_id=17"},"modified":"2023-01-26T18:34:59","modified_gmt":"2023-01-26T18:34:59","slug":"rsvp","status":"publish","type":"page","link":"https:\/\/marcus-uli-wedding.de\/de\/rsvp\/","title":{"rendered":"Anmeldung"},"content":{"rendered":"\n<p class=\"has-text-align-center\">Please fill in this form to confirm whether you will be able to attend or not. We would appreciate it if you also fill this in for each person invited. <\/p>\n\n\n<div class=\"frm_forms  with_frm_style frm_style_formidable-style\" id=\"frm_form_3_container\" data-token=\"c128bec8d6728e89760b1f42af0555dd\">\n<form enctype=\"multipart\/form-data\" method=\"post\" class=\"frm-show-form \" id=\"form_register2\" data-token=\"c128bec8d6728e89760b1f42af0555dd\">\n<div class=\"frm_form_fields \">\n<fieldset>\n<legend class=\"frm_screen_reader\">RSVP<\/legend>\r\n\r\n<div class=\"frm_fields_container\">\n<input type=\"hidden\" name=\"frm_action\" value=\"create\" \/>\n<input type=\"hidden\" name=\"form_id\" value=\"3\" \/>\n<input type=\"hidden\" name=\"frm_hide_fields_3\" id=\"frm_hide_fields_3\" value=\"\" \/>\n<input type=\"hidden\" name=\"form_key\" value=\"register2\" \/>\n<input type=\"hidden\" name=\"item_meta[0]\" value=\"\" \/>\n<input type=\"hidden\" id=\"frm_submit_entry_3\" name=\"frm_submit_entry_3\" value=\"d9f94c7ac8\" \/><input type=\"hidden\" name=\"_wp_http_referer\" value=\"\/de\/wp-json\/wp\/v2\/pages\/17\" \/><div id=\"frm_field_6_container\" class=\"frm_form_field form-field  frm_required_field frm_top_container\">\r\n    <div  id=\"field_kn0wl_label\" class=\"frm_primary_label\">Name\r\n        <span class=\"frm_required\" aria-hidden=\"true\">*<\/span>\r\n    <\/div>\r\n    <fieldset aria-labelledby=\"field_kn0wl_label\">\n\t<legend class=\"frm_screen_reader frm_hidden\">\n\t\tName\t<\/legend>\n\n\t<div  class=\"frm_combo_inputs_container\" id=\"frm_combo_inputs_container_6\" data-name-layout=\"first_last\">\n\t\t\t\t\t<div\n\t\t\t\tid=\"frm_field_6-first_container\"\n\t\t\t\tclass=\"frm_form_field form-field frm_form_subfield-first  frm6\"\n\t\t\t\tdata-sub-field-name=\"first\"\n\t\t\t>\n\t\t\t\t<label for=\"field_kn0wl_first\" class=\"frm_screen_reader frm_hidden\">\n\t\t\t\t\tFirst\t\t\t\t<\/label>\n\n\t\t\t\t<input  type=\"text\" id=\"field_kn0wl_first\" value=\"\" name=\"item_meta[6][first]\" autocomplete=\"given-name\" data-reqmsg=\"Name cannot be blank.\" aria-required=\"true\" data-invmsg=\"Name ist ung\u00fcltig\" aria-invalid=\"false\"  \/><div class=\"frm_description\" id=\"frm_field_6_first_desc\">First<\/div>\t\t\t<\/div>\n\t\t\t\t\t\t<div\n\t\t\t\tid=\"frm_field_6-last_container\"\n\t\t\t\tclass=\"frm_form_field form-field frm_form_subfield-last  frm6\"\n\t\t\t\tdata-sub-field-name=\"last\"\n\t\t\t>\n\t\t\t\t<label for=\"field_kn0wl_last\" class=\"frm_screen_reader frm_hidden\">\n\t\t\t\t\tLast\t\t\t\t<\/label>\n\n\t\t\t\t<input  type=\"text\" id=\"field_kn0wl_last\" value=\"\" name=\"item_meta[6][last]\" autocomplete=\"family-name\" data-reqmsg=\"Name cannot be blank.\" aria-required=\"true\" data-invmsg=\"Name ist ung\u00fcltig\" aria-invalid=\"false\"  \/><div class=\"frm_description\" id=\"frm_field_6_last_desc\">Last<\/div>\t\t\t<\/div>\n\t\t\t\t<\/div>\n<\/fieldset>\n\r\n    \r\n    \r\n<\/div>\n<div id=\"frm_field_11_container\" class=\"frm_form_field form-field  frm_required_field frm_top_container frm6 frm_first\">\r\n    <label for=\"field_c7071\" id=\"field_c7071_label\" class=\"frm_primary_label\">Email\r\n        <span class=\"frm_required\" aria-hidden=\"true\">*<\/span>\r\n    <\/label>\r\n    <input type=\"email\" id=\"field_c7071\" name=\"item_meta[11]\" value=\"\"  data-reqmsg=\"Email cannot be blank.\" aria-required=\"true\" data-invmsg=\"Email is invalid\" aria-invalid=\"false\"  \/>\r\n    \r\n    \r\n<\/div>\n<div id=\"frm_field_13_container\" class=\"frm_form_field form-field  frm_top_container frm6\">\r\n    <label for=\"field_vxwop\" id=\"field_vxwop_label\" class=\"frm_primary_label\">Phone\r\n        <span class=\"frm_required\" aria-hidden=\"true\"><\/span>\r\n    <\/label>\r\n    <input type=\"tel\" id=\"field_vxwop\" name=\"item_meta[13]\" value=\"\"  data-invmsg=\"Phone is invalid\" aria-invalid=\"false\" pattern=\"((\\+\\d{1,3}(-|.| )?\\(?\\d\\)?(-| |.)?\\d{1,5})|(\\(?\\d{2,6}\\)?))(-|.| )?(\\d{3,4})(-|.| )?(\\d{4})(( x| ext)\\d{1,5}){0,1}$\"  \/>\r\n    \r\n    \r\n<\/div>\n<div id=\"frm_field_15_container\" class=\"frm_form_field form-field  frm_required_field frm_top_container frm6 frm_first\">\r\n    <label for=\"field_ling3\" id=\"field_ling3_label\" class=\"frm_primary_label\">Attendance \r\n        <span class=\"frm_required\" aria-hidden=\"true\">*<\/span>\r\n    <\/label>\r\n    \t\t<select name=\"item_meta[15]\" id=\"field_ling3\"  data-reqmsg=\"Attendance  cannot be blank.\" aria-required=\"true\" data-invmsg=\"Attendance  ist ung\u00fcltig\" aria-invalid=\"false\"  >\n\t\t<option  value=\"Attending\">Attending<\/option><option  value=\"Unable to\">Unable to<\/option>\t<\/select>\n\t\r\n    \r\n    \r\n<\/div>\n<div id=\"frm_field_7_container\" class=\"frm_form_field form-field  frm_required_field frm_top_container frm6 vertical_radio\">\r\n    <div  id=\"field_4qzp2_label\" class=\"frm_primary_label\">Attending\r\n        <span class=\"frm_required\" aria-hidden=\"true\">*<\/span>\r\n    <\/div>\r\n    <div class=\"frm_opt_container\" aria-labelledby=\"field_4qzp2_label\" role=\"group\">\t\t<div class=\"frm_checkbox\" id=\"frm_checkbox_7-0\">\t\t\t<label  for=\"field_4qzp2-0\">\n\t\t\t<input type=\"checkbox\" name=\"item_meta[7][]\" id=\"field_4qzp2-0\" value=\"Ceremony\"  data-reqmsg=\"Attending cannot be blank.\" data-invmsg=\"Attending ist ung\u00fcltig\"   aria-required=\"true\"  \/> Ceremony<\/label><\/div>\n\t\t<div class=\"frm_checkbox\" id=\"frm_checkbox_7-1\">\t\t\t<label  for=\"field_4qzp2-1\">\n\t\t\t<input type=\"checkbox\" name=\"item_meta[7][]\" id=\"field_4qzp2-1\" value=\"Reception\"  data-reqmsg=\"Attending cannot be blank.\" data-invmsg=\"Attending ist ung\u00fcltig\"   \/> Reception<\/label><\/div>\n\t\t<div class=\"frm_checkbox\" id=\"frm_checkbox_7-2\">\t\t\t<label  for=\"field_4qzp2-2\">\n\t\t\t<input type=\"checkbox\" name=\"item_meta[7][]\" id=\"field_4qzp2-2\" value=\"Potential Thursday evening event\"  data-reqmsg=\"Attending cannot be blank.\" data-invmsg=\"Attending ist ung\u00fcltig\"   \/> Potential Thursday evening event<\/label><\/div>\n\t\t<div class=\"frm_checkbox\" id=\"frm_checkbox_7-3\">\t\t\t<label  for=\"field_4qzp2-3\">\n\t\t\t<input type=\"checkbox\" name=\"item_meta[7][]\" id=\"field_4qzp2-3\" value=\"Potential Friday evening event\"  data-reqmsg=\"Attending cannot be blank.\" data-invmsg=\"Attending ist ung\u00fcltig\"   \/> Potential Friday evening event<\/label><\/div>\n\t\t<div class=\"frm_checkbox\" id=\"frm_checkbox_7-4\">\t\t\t<label  for=\"field_4qzp2-4\">\n\t\t\t<input type=\"checkbox\" name=\"item_meta[7][]\" id=\"field_4qzp2-4\" value=\"Potential Sunday event\"  data-reqmsg=\"Attending cannot be blank.\" data-invmsg=\"Attending ist ung\u00fcltig\"   \/> Potential Sunday event<\/label><\/div>\n<\/div>\r\n    \r\n    \r\n<\/div>\n<div id=\"frm_field_10_container\" class=\"frm_form_field form-field  frm_top_container\">\r\n    <label for=\"field_rb68\" id=\"field_rb68_label\" class=\"frm_primary_label\">Special Requirements\r\n        <span class=\"frm_required\" aria-hidden=\"true\"><\/span>\r\n    <\/label>\r\n    <input type=\"text\" id=\"field_rb68\" name=\"item_meta[10]\" value=\"\"  data-invmsg=\"Text is invalid\" aria-invalid=\"false\"  \/>\r\n    \r\n    \r\n<\/div>\n\t<input type=\"hidden\" name=\"item_key\" value=\"\" \/>\n\t\t\t<div id=\"frm_field_25_container\">\n\t\t\t<label for=\"field_4b1r9\" >\n\t\t\t\tFalls Du menschlich bist, lasse dieses Feld leer.\t\t\t<\/label>\n\t\t\t<input  id=\"field_4b1r9\" type=\"text\" class=\"frm_form_field form-field frm_verify\" name=\"item_meta[25]\" value=\"\"  \/>\n\t\t<\/div>\n\t\t<input name=\"frm_state\" type=\"hidden\" value=\"HM3MA0reZ48RkwfzBeQX0Db5+6ZFN1K5lbV9o09eYA8=\" \/><div class=\"frm_submit\">\r\n\r\n<button class=\"frm_button_submit\" type=\"submit\"  >Submit<\/button>\r\n\r\n\r\n<\/div><\/div>\n<\/fieldset>\n<\/div>\n\n<\/form>\n<\/div>\n\n\n\n<figure class=\"wp-block-gallery has-nested-images columns-default is-cropped wp-block-gallery-1 is-layout-flex wp-block-gallery-is-layout-flex\">\n<figure class=\"wp-block-image size-large\"><img loading=\"lazy\" decoding=\"async\" width=\"1024\" height=\"768\" data-id=\"67\" src=\"https:\/\/marcus-uli-wedding.de\/wp-content\/uploads\/2022\/12\/IMG_2934-1024x768.jpg\" alt=\"\" class=\"wp-image-67\" srcset=\"https:\/\/marcus-uli-wedding.de\/wp-content\/uploads\/2022\/12\/IMG_2934-1024x768.jpg 1024w, https:\/\/marcus-uli-wedding.de\/wp-content\/uploads\/2022\/12\/IMG_2934-300x225.jpg 300w, https:\/\/marcus-uli-wedding.de\/wp-content\/uploads\/2022\/12\/IMG_2934-768x576.jpg 768w, https:\/\/marcus-uli-wedding.de\/wp-content\/uploads\/2022\/12\/IMG_2934-1536x1152.jpg 1536w, https:\/\/marcus-uli-wedding.de\/wp-content\/uploads\/2022\/12\/IMG_2934-2048x1536.jpg 2048w, https:\/\/marcus-uli-wedding.de\/wp-content\/uploads\/2022\/12\/IMG_2934-16x12.jpg 16w\" sizes=\"auto, (max-width: 1024px) 100vw, 1024px\" \/><figcaption class=\"wp-element-caption\">We hope to see you there, but unfortunately it won&#8217;t be at the Poseidon Temple<\/figcaption><\/figure>\n<\/figure>\n","protected":false},"excerpt":{"rendered":"<p>Bitte f\u00fcllt dieses Formular aus, um zu best\u00e4tigen, ob Ihr teilnehmen k\u00f6nnt oder nicht. Wir w\u00fcrden uns freuen, wenn ihr dies f\u00fcr jede eingeladene Person einzeln ausf\u00fcllt.<\/p>","protected":false},"author":1,"featured_media":0,"parent":0,"menu_order":0,"comment_status":"closed","ping_status":"closed","template":"","meta":{"footnotes":""},"class_list":["post-17","page","type-page","status-publish","hentry"],"_links":{"self":[{"href":"https:\/\/marcus-uli-wedding.de\/de\/wp-json\/wp\/v2\/pages\/17","targetHints":{"allow":["GET"]}}],"collection":[{"href":"https:\/\/marcus-uli-wedding.de\/de\/wp-json\/wp\/v2\/pages"}],"about":[{"href":"https:\/\/marcus-uli-wedding.de\/de\/wp-json\/wp\/v2\/types\/page"}],"author":[{"embeddable":true,"href":"https:\/\/marcus-uli-wedding.de\/de\/wp-json\/wp\/v2\/users\/1"}],"replies":[{"embeddable":true,"href":"https:\/\/marcus-uli-wedding.de\/de\/wp-json\/wp\/v2\/comments?post=17"}],"version-history":[{"count":6,"href":"https:\/\/marcus-uli-wedding.de\/de\/wp-json\/wp\/v2\/pages\/17\/revisions"}],"predecessor-version":[{"id":194,"href":"https:\/\/marcus-uli-wedding.de\/de\/wp-json\/wp\/v2\/pages\/17\/revisions\/194"}],"wp:attachment":[{"href":"https:\/\/marcus-uli-wedding.de\/de\/wp-json\/wp\/v2\/media?parent=17"}],"curies":[{"name":"wp","href":"https:\/\/api.w.org\/{rel}","templated":true}]}}