{"id":19,"date":"2022-12-05T14:04:11","date_gmt":"2022-12-05T14:04:11","guid":{"rendered":"https:\/\/marcus-uli-wedding.de\/?page_id=19"},"modified":"2023-01-28T10:03:14","modified_gmt":"2023-01-28T10:03:14","slug":"tourist-guide","status":"publish","type":"page","link":"https:\/\/marcus-uli-wedding.de\/de\/tourist-guide\/","title":{"rendered":"Touristenf\u00fchrer"},"content":{"rendered":"<p>Weimar ist als Zentrum der klassischen Literatur in Deutschland bekannt. W\u00e4hrend Gr\u00f6\u00dfen der Literatur wie Eckermann, Herder &amp; Wieland in der Stadt lebten und arbeiteten, begann Weimars gr\u00f6\u00dfte Zeit im 18. Jahrhundert, als es zur Heimat von Pers\u00f6nlichkeiten wie Goethe, Schiller und Nietzsche wurde.<\/p>\n\n\n\n<p>Im 19. Jahrhundert waren die gro\u00dfen deutschen Komponisten an der Reihe, darunter Bach und Liszt, die in der Stadt ein Zuhause fanden. W\u00e4hrend seine Kunstschule \u2013 Geburtsort der Bauhaus-Bewegung \u2013 viele heute ber\u00fchmte Maler und Designer anzog. In dieser Zeit war Weimar der Ort wo der Philosoph Friedrich Nietzsche seine letzten Lebensjahre verbrachte.<\/p>\n\n\n\n<p>Im Weimarer Nationaltheater tagte nach dem Ersten Weltkrieg auch die Deutsche Nationalversammlung und verabschiedete die Verfassung der Weimarer Republik, 1920 wurde es die Stadt Hauptstadt des Landes Th\u00fcringen.<\/p>\n\n\n\n<p>1998 ernannte die UNESCO das klassische Weimar zum Weltkulturerbe. Heute ist die Stadt eine der wichtigsten historischen St\u00e4dte Deutschlands und z\u00e4hlt durchweg zu den Top-Tourismus- und Kulturzielen des Landes. Beliebte kulturelle Aktivit\u00e4ten sind der Besuch einer Opern- oder klassischen Musikauff\u00fchrung des Deutschen Nationaltheaters Weimar.<\/p>\n\n\n\n<p>Mit rund 65.000 Einwohnern erm\u00f6glicht Weimars Gr\u00f6\u00dfe, als relativ kleine Stadt, Touristen viele ihrer Sehensw\u00fcrdigkeiten bequem zu erkunden. Holt Euch eine Touristenkarte und schlendert zu Fu\u00df durch die sch\u00f6nen alten Stra\u00dfen. Dies ist eine unterhaltsame und zufriedenstellende Art, sich fortzubewegen, da die meisten der Hauptattraktionen und Sehensw\u00fcrdigkeiten relativ nahe beieinander liegen. Auf diese Weise k\u00f6nnt Ihr auch die besten Caf\u00e9s und Restaurants sowie die besten Gesch\u00e4fte und Boutiquen ausfindig machen, von denen viele auf und um den alten Marktplatz der Stadt zu finden sind.<\/p>\n\n\n\n<div class=\"wp-block-columns is-layout-flex wp-container-core-columns-is-layout-28f84493 wp-block-columns-is-layout-flex\">\n<div class=\"wp-block-column is-layout-flow wp-block-column-is-layout-flow\">\n<p class=\"has-large-font-size\"><strong>Top Sehensw\u00fcrdigkeiten<\/strong><\/p>\n\n\n\n<p>Wenn Ihr Zeit habt, k\u00f6nnt Ihr eine Weimar-Karte kaufen, um eine gro\u00dfe Menge der folgenden und noch andere zu sehen. Aber wenn nicht, sind einige freier Eintritt. <\/p>\n\n\n\n<p><strong>F\u00fcr diejenigen, die sich f\u00fcr die literarische Seite der Stadt interessieren, w\u00fcrden wir die folgenden Hotspots f\u00fcr einen Besuch empfehlen;<\/strong><\/p>\n\n\n\n<ul class=\"wp-block-list\">\n<li><a href=\"https:\/\/www.klassik-stiftung.de\/en\/goethe-national-museum\/\">Goethehaus<\/a><\/li>\n\n\n\n<li><a href=\"https:\/\/www.klassik-stiftung.de\/en\/schiller-museum\/\">Schillerhaus<\/a><\/li>\n\n\n\n<li><a href=\"https:\/\/www.klassik-stiftung.de\/en\/herzogin-anna-amalia-bibliothek\/\">Anna Amalia Bibliotek<\/a><\/li>\n\n\n\n<li><a href=\"https:\/\/www.klassik-stiftung.de\/en\/nietzsche-archiv\/\">Friedrich Nietzche Archiv<\/a><\/li>\n\n\n\n<li><a href=\"https:\/\/www.klassik-stiftung.de\/en\/wittumspalais\/\">Wittumspalais<\/a><\/li>\n\n\n\n<li><a href=\"https:\/\/www.klassik-stiftung.de\/en\/goethe-and-schiller-archive\/\">Goethe and Schiller Archiv<\/a><\/li>\n<\/ul>\n\n\n\n<p><strong>Wenn Musik eher das ist, wonach ihr sucht, k\u00f6nnt Ihr stattdessen Folgendes besuchen;<\/strong><\/p>\n\n\n\n<ul class=\"wp-block-list\">\n<li><a href=\"https:\/\/www.klassik-stiftung.de\/en\/liszt-house\/\">Liszthaus<\/a><\/li>\n\n\n\n<li><a href=\"https:\/\/www.nationaltheater-weimar.de\/en\/index.php\">Deutsches National Theater <\/a><\/li>\n\n\n\n<li><a href=\"https:\/\/www.weimar.de\/en\/culture\/sights\/churches-and-cemetries\/st-peter-and-paul-herder-church\/\">Hederkirche<\/a><\/li>\n\n\n\n<li><a href=\"https:\/\/www.klassik-stiftung.de\/en\/belvedere-castle-and-park\/\">Schlo\u00df Belvedere <\/a><\/li>\n<\/ul>\n\n\n\n<p><strong>Wenn Ihr mehr an allgemeiner Geschichte interessiert seid, m\u00f6chtet Ihr vielleicht diese sehen;<\/strong><\/p>\n\n\n\n<ul class=\"wp-block-list\">\n<li><a href=\"https:\/\/www.weimar.de\/kultur\/sehenswuerdigkeiten\/museen-in-weimar\/stadtmuseum-weimar\/\">Stadt Weimar Museum<\/a><\/li>\n\n\n\n<li><a href=\"https:\/\/www.klassik-stiftung.de\/en\/tiefurt-mansion-and-park\/\">Schlo\u00df Tiefurt Park<\/a><\/li>\n\n\n\n<li><a href=\"https:\/\/www.weimar.de\/en\/culture\/sights\/buchenwald-memorial\/\">Gedenkst\u00e4tte Buchenwald<\/a><\/li>\n\n\n\n<li><a href=\"https:\/\/www.weimar.de\/en\/culture\/sights\/museums\/weimar-haus\/\">Weimarhaus Museum<\/a><\/li>\n\n\n\n<li><a href=\"https:\/\/www.weimar.de\/en\/culture\/sights\/museums\/\">Museum f\u00fcr Ur- und Fr\u00fchgeschichte Th\u00fcringens<\/a><\/li>\n\n\n\n<li><a href=\"https:\/\/www.weimar.de\/en\/culture\/sights\/museums\/house-of-the-weimar-republic\/\">Haus der Weimarer Republik<\/a><\/li>\n<\/ul>\n\n\n\n<p><strong>Zu den orten f\u00fcr diejenigen, die sich f\u00fcr Kunst und Architektur interessieren, geh\u00f6ren:<\/strong><\/p>\n\n\n\n<ul class=\"wp-block-list\">\n<li><a href=\"https:\/\/www.klassik-stiftung.de\/en\/bauhaus-museum-weimar\/\">Bauhaus Museum<\/a><\/li>\n\n\n\n<li><a href=\"https:\/\/www.klassik-stiftung.de\/en\/neues-museum-weimar\/\">Neues Museum Weimar<\/a><\/li>\n\n\n\n<li><a href=\"https:\/\/www.klassik-stiftung.de\/en\/haus-am-horn\/\">Haus am Horn<\/a><\/li>\n\n\n\n<li><a href=\"https:\/\/www.weimar.de\/en\/culture\/sights\/museums\/kirms-krackow-house\/\">Kirms Krackow Haus<\/a><\/li>\n\n\n\n<li><a href=\"https:\/\/www.klassik-stiftung.de\/en\/haus-hohe-pappeln\/\">Haus Hohe Pappeln<\/a><\/li>\n\n\n\n<li><a href=\"https:\/\/www.weimar.de\/en\/culture\/sights\/museums\/kunsthalle-harry-graf-kessler\/\">Kunsthalle Harry Graf Kessler<\/a><\/li>\n<\/ul>\n\n\n\n<p><strong>Die Naturliebhaber k\u00f6nnen dies genie\u00dfen;<\/strong><\/p>\n\n\n\n<ul class=\"wp-block-list\">\n<li><a href=\"https:\/\/www.klassik-stiftung.de\/en\/park-on-the-ilm\/\">Park an der Ilm<\/a><\/li>\n\n\n\n<li><a href=\"https:\/\/www.klassik-stiftung.de\/en\/belvedere-castle-and-park\/\">Schlo\u00df Belveder Gartens<\/a><\/li>\n\n\n\n<li><a href=\"https:\/\/www.klassik-stiftung.de\/en\/tiefurt-mansion-and-park\/\">Schlo\u00df Tiefurt Park<\/a><\/li>\n\n\n\n<li><a href=\"https:\/\/www.klassik-stiftung.de\/en\/ettersburg-castle-and-park\/\">Ettersburg<\/a><\/li>\n\n\n\n<li><a href=\"https:\/\/goo.gl\/maps\/DLwmfBALSTyDrgcJ8\">Kirschbachtal<\/a><\/li>\n\n\n\n<li><a href=\"https:\/\/www.weimar.de\/en\/culture\/sights\/museums\/german-bee-museum\/\">Deutsches Bienenmuseum<\/a><\/li>\n<\/ul>\n<\/div>\n\n\n\n<div class=\"wp-block-column is-layout-flow wp-block-column-is-layout-flow\">\n<p class=\"has-large-font-size\"><strong>Speisen und Getr\u00e4nke in der Stadt<\/strong><\/p>\n\n\n\n<p>Nat\u00fcrlich gibt es in der Stadt viele tolle Restaurants und viele gute Bars. Da es sowohl eine Studenten- als auch eine Touristenstadt ist, kann es schwierig sein, zwischen den Touristenfallen und den Studentenkneipen zu navigieren. F\u00fcr Leute, die sich nach keinem von beiden sehnen, w\u00fcrden wir die folgenden Orte empfehlen;<\/p>\n\n\n\n<p class=\"has-large-font-size\"><strong>Bars<\/strong><\/p>\n\n\n\n<ul class=\"wp-block-list\">\n<li><a href=\"https:\/\/goo.gl\/maps\/mwu2s9t777NM3HrK8\">Havana Bar<\/a><\/li>\n\n\n\n<li><a href=\"https:\/\/goo.gl\/maps\/7bRqbRqG2YDzg45WA\">K\u00fcnstlergarten<\/a><\/li>\n\n\n\n<li><a href=\"https:\/\/goo.gl\/maps\/7dvAWdwcZUTgBGUd9\">Kawa<\/a><\/li>\n\n\n\n<li><a href=\"https:\/\/goo.gl\/maps\/kP2NMUqNZr28UWSGA\">Smugglers Irische Bar<\/a><\/li>\n\n\n\n<li><a href=\"https:\/\/goo.gl\/maps\/XvCQiKqLDTgykGfQ9\">Kasseturm<\/a><\/li>\n\n\n\n<li><a href=\"https:\/\/goo.gl\/maps\/hJv7xPtjdZP6VZz89\">Schillerhof Hotel Bar<\/a><\/li>\n\n\n\n<li><a href=\"https:\/\/goo.gl\/maps\/hb14QDbm5bx2dNAy7\">Weinbar Weimar<\/a><\/li>\n\n\n\n<li><a href=\"https:\/\/goo.gl\/maps\/zHW3tvMAiGVB1fEW8https:\/\/goo.gl\/maps\/hb14QDbm5bx2dNAy7\">Gasthof Luise<\/a><\/li>\n<\/ul>\n\n\n\n<p class=\"has-large-font-size\"><strong>Restaurants<\/strong><\/p>\n\n\n\n<ul class=\"wp-block-list\">\n<li><a href=\"https:\/\/goo.gl\/maps\/eeebUFPWn5oZBMnY9\">Felsenkeller<\/a><\/li>\n\n\n\n<li><a href=\"https:\/\/goo.gl\/maps\/28bhbKu1eBapQkGLA\">Jagemanns<\/a><\/li>\n\n\n\n<li><a href=\"https:\/\/apollon-weimar.de\/en\/\">Apollon<\/a><\/li>\n\n\n\n<li><a href=\"https:\/\/goo.gl\/maps\/KMyr8e6C9GP2JTYi7\">La Tarte<\/a><\/li>\n\n\n\n<li><a href=\"https:\/\/goo.gl\/maps\/yPjvTxjqPZ7bqVcz5\">Creperie du Palais<\/a><\/li>\n\n\n\n<li><a href=\"https:\/\/goo.gl\/maps\/HPxfuJ8oz5kiK89S8\">Versillia<\/a><\/li>\n\n\n\n<li><a href=\"https:\/\/www.pho-co-weimar.de\/\">36 <\/a><a href=\"https:\/\/goo.gl\/maps\/eDYPnka7vXPwrZ1n7\">Pho <\/a><a href=\"https:\/\/www.pho-co-weimar.de\/\">Co<\/a><\/li>\n\n\n\n<li><a href=\"http:\/\/anno1900-weimar.de\/home\">Anno <\/a><a href=\"https:\/\/goo.gl\/maps\/EqaHXL1rdb2rCeNr8\">1900<\/a><\/li>\n<\/ul>\n\n\n\n<p class=\"has-large-font-size\"><strong>Caf\u00e9s<\/strong><\/p>\n\n\n\n<ul class=\"wp-block-list\">\n<li><a href=\"https:\/\/goo.gl\/maps\/nzZQhBXTxcX3TVyq7\">Bienenstock<\/a><\/li>\n\n\n\n<li><a href=\"https:\/\/goo.gl\/maps\/XRgY7YDRQTzSUyxH7\">Aviv Koriat Cakes<\/a><\/li>\n\n\n\n<li><a href=\"https:\/\/goo.gl\/maps\/DSY3WPfD4BSm5kVz7\">Brotklappe<\/a><\/li>\n\n\n\n<li><a href=\"https:\/\/goo.gl\/maps\/idrSozLBQAHTJU199\">Cielo<\/a><\/li>\n\n\n\n<li><a href=\"https:\/\/goo.gl\/maps\/Efu3AXARD8Nt1H8h8\">Sundays at Riaa<\/a><\/li>\n\n\n\n<li><a href=\"http:\/\/latarte.info\/cafe-vinothek.html\">Caf\u00e9 La Tarte<\/a><\/li>\n\n\n\n<li><a href=\"https:\/\/goo.gl\/maps\/XYeAxH5tUCYHboik8\">Giancarlo<\/a><\/li>\n<\/ul>\n<\/div>\n<\/div>","protected":false},"excerpt":{"rendered":"<p>Weimar is famous as the centre of classical literature in Germany. With such literary greats as Eckermann, Herder &amp; Wieland living and working in the town, Weimar&#8217;s greatest period began in the 18th century when it became home to the likes of them and even more notably of Goethe and Schiller. In the 19th century, [&hellip;]<\/p>\n","protected":false},"author":1,"featured_media":0,"parent":0,"menu_order":0,"comment_status":"closed","ping_status":"closed","template":"","meta":{"footnotes":""},"class_list":["post-19","page","type-page","status-publish","hentry"],"_links":{"self":[{"href":"https:\/\/marcus-uli-wedding.de\/de\/wp-json\/wp\/v2\/pages\/19","targetHints":{"allow":["GET"]}}],"collection":[{"href":"https:\/\/marcus-uli-wedding.de\/de\/wp-json\/wp\/v2\/pages"}],"about":[{"href":"https:\/\/marcus-uli-wedding.de\/de\/wp-json\/wp\/v2\/types\/page"}],"author":[{"embeddable":true,"href":"https:\/\/marcus-uli-wedding.de\/de\/wp-json\/wp\/v2\/users\/1"}],"replies":[{"embeddable":true,"href":"https:\/\/marcus-uli-wedding.de\/de\/wp-json\/wp\/v2\/comments?post=19"}],"version-history":[{"count":21,"href":"https:\/\/marcus-uli-wedding.de\/de\/wp-json\/wp\/v2\/pages\/19\/revisions"}],"predecessor-version":[{"id":214,"href":"https:\/\/marcus-uli-wedding.de\/de\/wp-json\/wp\/v2\/pages\/19\/revisions\/214"}],"wp:attachment":[{"href":"https:\/\/marcus-uli-wedding.de\/de\/wp-json\/wp\/v2\/media?parent=19"}],"curies":[{"name":"wp","href":"https:\/\/api.w.org\/{rel}","templated":true}]}}