{"id":21,"date":"2022-12-05T14:05:08","date_gmt":"2022-12-05T14:05:08","guid":{"rendered":"https:\/\/marcus-uli-wedding.de\/?page_id=21"},"modified":"2023-01-28T09:47:06","modified_gmt":"2023-01-28T09:47:06","slug":"about-us","status":"publish","type":"page","link":"https:\/\/marcus-uli-wedding.de\/de\/about-us\/","title":{"rendered":"\u00dcber Uns"},"content":{"rendered":"<p>F\u00fcr alle die, welche unsere Geschichte nicht kennen, hier eine kleine Zusammenfassung. <\/p>\n\n\n\n<p>Die Geschichte beginnt in London. Das Zuhause des m\u00e4nnlichen Helden und wo es unsere weibliche Heldin hinzog. <\/p>\n\n\n\n<p>Uli kam aus Weimar, wo sie geboren wurde und aufwuchs. Sie verlie\u00df das kalte und dunkle ehemalige Ostdeutschland in Richtung der hellen Lichter Londons, in der Hoffnung ihren Traum zu verwirklichen, in den gro\u00dfen Theatern Englands zu inszenieren. Leider war es nicht so einfach und wie in vielen M\u00e4rchen musste sie zun\u00e4chst Fu\u00dfb\u00f6den fegen und im einzigartigen Wassersportladen in London Ocean Leisure Kartons auspacken. <\/p>\n\n\n\n<p>Aber dort lernte sie auch jemanden kennen, der ein ganz besonderer Teil ihres Lebens werden sollte. <\/p>\n\n\n\n<p>Marcus hatte immer in London gelebt. Als Portland Panda geboren, wuchs er in Fulham auf und dachte er w\u00fcrde einer der besten Konditoren werden. Aber wie auch bei Uli gab es in diesem M\u00e4rchen Umwege und so fand auch er zu Ocean Leisure. <\/p>\n\n\n\n<p>Und hier fing das M\u00e4rchen tats\u00e4chlich an. <\/p>\n\n\n\n<p>Zuerst waren es nur ein paar Feierabend Getr\u00e4nke mit anderen, wo die beiden immer \u00f6fter die Letzten waren die Heim gingen. Dann kam der gemeinsame Besuch einer Rolling Stones Ausstellung. Und bevor unsere Helden es recht wussten waren ihre M\u00e4rchen miteinander verflochten. <\/p>\n\n\n\n<p>Eines Tages beschloss Ulis b\u00f6ser Vermieter, dass er von der neu gefundenen Zweisamkeit des gl\u00fccklichen Paares profitieren w\u00fcrde. Aber dies war nur der erste von vielen gro\u00dfen Tests auf dem Weg. Also zogen sie zusammen und dachten, dass dies nur eine kurzfristige L\u00f6sung sei. <\/p>\n\n\n\n<p>Sechs Jahre sp\u00e4ter sind sie begeistert, all diese Erinnerungen und noch viele mehr zu haben. Und nun z\u00e4hlen sie den Countdown, um Euch im Mai zu ihrer Hochzeit willkommen zu hei\u00dfen. <\/p>\n\n\n\n<div class=\"wp-block-cover is-light\" style=\"min-height:549px;aspect-ratio:unset;\"><span aria-hidden=\"true\" class=\"wp-block-cover__background has-background-dim-0 has-background-dim\"><\/span><img loading=\"lazy\" decoding=\"async\" width=\"1024\" height=\"576\" class=\"wp-block-cover__image-background wp-image-46\" alt=\"\" src=\"https:\/\/marcus-uli-wedding.de\/wp-content\/uploads\/2022\/12\/cropped-IMG_3862_Crop-1-1024x576.png\" style=\"object-position:55% 32%\" data-object-fit=\"cover\" data-object-position=\"55% 32%\" srcset=\"https:\/\/marcus-uli-wedding.de\/wp-content\/uploads\/2022\/12\/cropped-IMG_3862_Crop-1-1024x576.png 1024w, https:\/\/marcus-uli-wedding.de\/wp-content\/uploads\/2022\/12\/cropped-IMG_3862_Crop-1-300x169.png 300w, https:\/\/marcus-uli-wedding.de\/wp-content\/uploads\/2022\/12\/cropped-IMG_3862_Crop-1-768x432.png 768w, https:\/\/marcus-uli-wedding.de\/wp-content\/uploads\/2022\/12\/cropped-IMG_3862_Crop-1-1536x864.png 1536w, https:\/\/marcus-uli-wedding.de\/wp-content\/uploads\/2022\/12\/cropped-IMG_3862_Crop-1-18x10.png 18w, https:\/\/marcus-uli-wedding.de\/wp-content\/uploads\/2022\/12\/cropped-IMG_3862_Crop-1.png 1920w\" sizes=\"auto, (max-width: 1024px) 100vw, 1024px\" \/><div class=\"wp-block-cover__inner-container is-layout-flow wp-block-cover-is-layout-flow\">\n<p><\/p>\n\n\n\n<p><\/p>\n\n\n\n<p><\/p>\n\n\n\n<p><\/p>\n\n\n\n<p><\/p>\n\n\n\n<p><\/p>\n\n\n\n<p><\/p>\n\n\n\n<p><\/p>\n\n\n\n<p><\/p>\n\n\n\n<p><\/p>\n\n\n\n<p class=\"has-text-align-center has-white-color has-text-color\">Sundowners<\/p>\n<\/div><\/div>\n\n\n\n<figure class=\"wp-block-gallery has-nested-images columns-default is-cropped wp-block-gallery-1 is-layout-flex wp-block-gallery-is-layout-flex\">\n<figure class=\"wp-block-image size-large\"><img loading=\"lazy\" decoding=\"async\" width=\"768\" height=\"1024\" data-id=\"68\" src=\"https:\/\/marcus-uli-wedding.de\/wp-content\/uploads\/2022\/12\/IMG_2937-768x1024.jpg\" alt=\"\" class=\"wp-image-68\" srcset=\"https:\/\/marcus-uli-wedding.de\/wp-content\/uploads\/2022\/12\/IMG_2937-768x1024.jpg 768w, https:\/\/marcus-uli-wedding.de\/wp-content\/uploads\/2022\/12\/IMG_2937-225x300.jpg 225w, https:\/\/marcus-uli-wedding.de\/wp-content\/uploads\/2022\/12\/IMG_2937-9x12.jpg 9w, https:\/\/marcus-uli-wedding.de\/wp-content\/uploads\/2022\/12\/IMG_2937-rotated.jpg 960w\" sizes=\"auto, (max-width: 768px) 100vw, 768px\" \/><figcaption class=\"wp-element-caption\">Pilgerfahrt zum Tempel des Poseidon<\/figcaption><\/figure>\n\n\n\n<figure class=\"wp-block-image size-large\"><img loading=\"lazy\" decoding=\"async\" width=\"1024\" height=\"768\" data-id=\"66\" src=\"https:\/\/marcus-uli-wedding.de\/wp-content\/uploads\/2022\/12\/IMG_2709-1024x768.jpg\" alt=\"\" class=\"wp-image-66\" srcset=\"https:\/\/marcus-uli-wedding.de\/wp-content\/uploads\/2022\/12\/IMG_2709-1024x768.jpg 1024w, https:\/\/marcus-uli-wedding.de\/wp-content\/uploads\/2022\/12\/IMG_2709-300x225.jpg 300w, https:\/\/marcus-uli-wedding.de\/wp-content\/uploads\/2022\/12\/IMG_2709-768x576.jpg 768w, https:\/\/marcus-uli-wedding.de\/wp-content\/uploads\/2022\/12\/IMG_2709-16x12.jpg 16w, https:\/\/marcus-uli-wedding.de\/wp-content\/uploads\/2022\/12\/IMG_2709-rotated.jpg 1280w\" sizes=\"auto, (max-width: 1024px) 100vw, 1024px\" \/><figcaption class=\"wp-element-caption\">Immer gl\u00fccklich auf See<\/figcaption><\/figure>\n\n\n\n<figure class=\"wp-block-image size-large\"><img loading=\"lazy\" decoding=\"async\" width=\"768\" height=\"1024\" data-id=\"142\" src=\"https:\/\/marcus-uli-wedding.de\/wp-content\/uploads\/2023\/01\/Cardiff-768x1024.jpg\" alt=\"\" class=\"wp-image-142\" srcset=\"https:\/\/marcus-uli-wedding.de\/wp-content\/uploads\/2023\/01\/Cardiff-768x1024.jpg 768w, https:\/\/marcus-uli-wedding.de\/wp-content\/uploads\/2023\/01\/Cardiff-225x300.jpg 225w, https:\/\/marcus-uli-wedding.de\/wp-content\/uploads\/2023\/01\/Cardiff-1152x1536.jpg 1152w, https:\/\/marcus-uli-wedding.de\/wp-content\/uploads\/2023\/01\/Cardiff-1536x2048.jpg 1536w, https:\/\/marcus-uli-wedding.de\/wp-content\/uploads\/2023\/01\/Cardiff-9x12.jpg 9w, https:\/\/marcus-uli-wedding.de\/wp-content\/uploads\/2023\/01\/Cardiff.jpg 1920w\" sizes=\"auto, (max-width: 768px) 100vw, 768px\" \/><figcaption class=\"wp-element-caption\">We can&#8217;t get no satisfaction&#8230;&#8230;..<\/figcaption><\/figure>\n\n\n\n<figure class=\"wp-block-image size-full\"><img loading=\"lazy\" decoding=\"async\" width=\"1920\" height=\"2560\" data-id=\"63\" src=\"https:\/\/marcus-uli-wedding.de\/wp-content\/uploads\/2022\/12\/IMG_1968-scaled.jpg\" alt=\"\" class=\"wp-image-63\" srcset=\"https:\/\/marcus-uli-wedding.de\/wp-content\/uploads\/2022\/12\/IMG_1968-scaled.jpg 1920w, https:\/\/marcus-uli-wedding.de\/wp-content\/uploads\/2022\/12\/IMG_1968-225x300.jpg 225w, https:\/\/marcus-uli-wedding.de\/wp-content\/uploads\/2022\/12\/IMG_1968-768x1024.jpg 768w, https:\/\/marcus-uli-wedding.de\/wp-content\/uploads\/2022\/12\/IMG_1968-1152x1536.jpg 1152w, https:\/\/marcus-uli-wedding.de\/wp-content\/uploads\/2022\/12\/IMG_1968-1536x2048.jpg 1536w, https:\/\/marcus-uli-wedding.de\/wp-content\/uploads\/2022\/12\/IMG_1968-9x12.jpg 9w\" sizes=\"auto, (max-width: 1920px) 100vw, 1920px\" \/><figcaption class=\"wp-element-caption\">Festliches Gef\u00fchl<\/figcaption><\/figure>\n\n\n\n<figure class=\"wp-block-image size-large\"><img loading=\"lazy\" decoding=\"async\" width=\"1024\" height=\"768\" data-id=\"64\" src=\"https:\/\/marcus-uli-wedding.de\/wp-content\/uploads\/2022\/12\/IMG_2104-1024x768.jpg\" alt=\"\" class=\"wp-image-64\" srcset=\"https:\/\/marcus-uli-wedding.de\/wp-content\/uploads\/2022\/12\/IMG_2104-1024x768.jpg 1024w, https:\/\/marcus-uli-wedding.de\/wp-content\/uploads\/2022\/12\/IMG_2104-300x225.jpg 300w, https:\/\/marcus-uli-wedding.de\/wp-content\/uploads\/2022\/12\/IMG_2104-768x576.jpg 768w, https:\/\/marcus-uli-wedding.de\/wp-content\/uploads\/2022\/12\/IMG_2104-1536x1152.jpg 1536w, https:\/\/marcus-uli-wedding.de\/wp-content\/uploads\/2022\/12\/IMG_2104-16x12.jpg 16w, https:\/\/marcus-uli-wedding.de\/wp-content\/uploads\/2022\/12\/IMG_2104.jpg 1600w\" sizes=\"auto, (max-width: 1024px) 100vw, 1024px\" \/><figcaption class=\"wp-element-caption\">Home<\/figcaption><\/figure>\n\n\n\n<figure class=\"wp-block-image size-large\"><img loading=\"lazy\" decoding=\"async\" width=\"1024\" height=\"768\" data-id=\"6\" src=\"https:\/\/marcus-uli-wedding.de\/wp-content\/uploads\/2022\/12\/IMG_1607-1024x768.jpg\" alt=\"\" class=\"wp-image-6\" srcset=\"https:\/\/marcus-uli-wedding.de\/wp-content\/uploads\/2022\/12\/IMG_1607-1024x768.jpg 1024w, https:\/\/marcus-uli-wedding.de\/wp-content\/uploads\/2022\/12\/IMG_1607-300x225.jpg 300w, https:\/\/marcus-uli-wedding.de\/wp-content\/uploads\/2022\/12\/IMG_1607-768x576.jpg 768w, https:\/\/marcus-uli-wedding.de\/wp-content\/uploads\/2022\/12\/IMG_1607-1536x1152.jpg 1536w, https:\/\/marcus-uli-wedding.de\/wp-content\/uploads\/2022\/12\/IMG_1607-2048x1536.jpg 2048w, https:\/\/marcus-uli-wedding.de\/wp-content\/uploads\/2022\/12\/IMG_1607-124x93.jpg 124w\" sizes=\"auto, (max-width: 1024px) 100vw, 1024px\" \/><figcaption class=\"wp-element-caption\">Geburtstagswanderungen auf Dartmoor<\/figcaption><\/figure>\n<\/figure>\n\n\n\n<div class=\"wp-block-cover is-light\"><span aria-hidden=\"true\" class=\"wp-block-cover__background has-background-dim-0 has-background-dim\"><\/span><img loading=\"lazy\" decoding=\"async\" width=\"1024\" height=\"768\" class=\"wp-block-cover__image-background wp-image-41\" alt=\"\" src=\"https:\/\/marcus-uli-wedding.de\/wp-content\/uploads\/2022\/12\/IMG_2963-1024x768.jpg\" data-object-fit=\"cover\" srcset=\"https:\/\/marcus-uli-wedding.de\/wp-content\/uploads\/2022\/12\/IMG_2963-1024x768.jpg 1024w, https:\/\/marcus-uli-wedding.de\/wp-content\/uploads\/2022\/12\/IMG_2963-300x225.jpg 300w, https:\/\/marcus-uli-wedding.de\/wp-content\/uploads\/2022\/12\/IMG_2963-768x576.jpg 768w, https:\/\/marcus-uli-wedding.de\/wp-content\/uploads\/2022\/12\/IMG_2963-16x12.jpg 16w, https:\/\/marcus-uli-wedding.de\/wp-content\/uploads\/2022\/12\/IMG_2963-124x93.jpg 124w, https:\/\/marcus-uli-wedding.de\/wp-content\/uploads\/2022\/12\/IMG_2963.jpg 1280w\" sizes=\"auto, (max-width: 1024px) 100vw, 1024px\" \/><div class=\"wp-block-cover__inner-container is-layout-flow wp-block-cover-is-layout-flow\">\n<p><\/p>\n\n\n\n<p><\/p>\n\n\n\n<p><\/p>\n\n\n\n<p><\/p>\n\n\n\n<p><\/p>\n\n\n\n<p><\/p>\n\n\n\n<p><\/p>\n\n\n\n<p><\/p>\n\n\n\n<p><\/p>\n\n\n\n<p class=\"has-text-align-center has-white-color has-text-color\">Wir lieben die brausende See<\/p>\n<\/div><\/div>","protected":false},"excerpt":{"rendered":"<p>For those unaware of our origin story. The tale begins in London. The home of the male lead, and where our female lead set her heart on moving to. Uli moved from Weimar where she was born and raised. Leaving the cold and dark former East German city for the bright lights of London with [&hellip;]<\/p>\n","protected":false},"author":1,"featured_media":0,"parent":0,"menu_order":0,"comment_status":"closed","ping_status":"closed","template":"","meta":{"footnotes":""},"class_list":["post-21","page","type-page","status-publish","hentry"],"_links":{"self":[{"href":"https:\/\/marcus-uli-wedding.de\/de\/wp-json\/wp\/v2\/pages\/21","targetHints":{"allow":["GET"]}}],"collection":[{"href":"https:\/\/marcus-uli-wedding.de\/de\/wp-json\/wp\/v2\/pages"}],"about":[{"href":"https:\/\/marcus-uli-wedding.de\/de\/wp-json\/wp\/v2\/types\/page"}],"author":[{"embeddable":true,"href":"https:\/\/marcus-uli-wedding.de\/de\/wp-json\/wp\/v2\/users\/1"}],"replies":[{"embeddable":true,"href":"https:\/\/marcus-uli-wedding.de\/de\/wp-json\/wp\/v2\/comments?post=21"}],"version-history":[{"count":13,"href":"https:\/\/marcus-uli-wedding.de\/de\/wp-json\/wp\/v2\/pages\/21\/revisions"}],"predecessor-version":[{"id":209,"href":"https:\/\/marcus-uli-wedding.de\/de\/wp-json\/wp\/v2\/pages\/21\/revisions\/209"}],"wp:attachment":[{"href":"https:\/\/marcus-uli-wedding.de\/de\/wp-json\/wp\/v2\/media?parent=21"}],"curies":[{"name":"wp","href":"https:\/\/api.w.org\/{rel}","templated":true}]}}