{"id":23,"date":"2022-12-05T14:06:07","date_gmt":"2022-12-05T14:06:07","guid":{"rendered":"https:\/\/marcus-uli-wedding.de\/?page_id=23"},"modified":"2023-05-07T16:15:43","modified_gmt":"2023-05-07T16:15:43","slug":"the-plan","status":"publish","type":"page","link":"https:\/\/marcus-uli-wedding.de\/de\/the-plan\/","title":{"rendered":"Der Plan"},"content":{"rendered":"<h2 class=\"wp-block-heading has-black-color has-text-color has-large-font-size\">Donnerstag 25er Mai<\/h2>\n\n\n\n<p>20.30 \u2013 Cocktails in lockere Runde zur Begr\u00fc\u00dfung in Weimar in der Havana Club Bar, Schlo\u00dfgasse.<\/p>\n\n\n\n<h2 class=\"wp-block-heading has-large-font-size\">Freitag 26th Mai<\/h2>\n\n\n\n<p>19.00 &#8211; Tim and Jill Ware invite you for dinner at Restaurant Apollon, Washingtonstra\u00dfe 2. You can view the food options, and order what you would like <a href=\"https:\/\/marcus-uli-wedding.de\/de\/apollon-ordering\/\">here<\/a>.<\/p>\n\n\n\n<h2 class=\"wp-block-heading has-large-font-size\"><strong>Samstag, 27. Mai<\/strong><\/h2>\n\n\n\n<p>15:00 - Zeremonie am Reithaus. Anschlie\u00dfend ein Glas Sekt.<\/p>\n\n\n\n<p>16:00 - Zeit Weimar zu entdecken, oder uns zu helfen. <\/p>\n\n\n\n<p>18:00 - Empfang im Reithaus.<\/p>\n\n\n\n<p>19:00 - \u00d6ffnung des Buffets.<\/p>\n\n\n\n<h2 class=\"wp-block-heading has-large-font-size\">Sonntag 28er Mai<\/h2>\n\n\n\n<p>12.00 \u2013 BBQ bei uns \u2013 Windm\u00fchlenstra\u00dfe 11B.<\/p>\n\n\n\n<p class=\"has-large-font-size\"><strong>Geschenke<\/strong><\/p>\n\n\n\n<p>So sehr es viele Dinge gibt, die wir uns im Leben w\u00fcnschen, alles, was wir uns w\u00fcnschen, ist, dass Ihr daran teilnehmen k\u00f6nnt. Aus diesem Grund werden wir keine Geschenke erwarten, da Eure Anwesenheit mehr als ausreichend ist. Wenn Ihr jedoch etwas zu unseren Zukunftspl\u00e4nen beitragen m\u00f6chtet, ist eine kleine Geldspende immer willkommen. <\/p>\n\n\n\n<p class=\"has-large-font-size\"><strong>\u00dcber den Veranstaltungsort<\/strong><\/p>\n\n\n\n<p>Wie die Stadt Weimar hat auch das Reithaus eine bewegte Geschichte. Das Reithaus befindet sich am oberen Ende des Ilmparks neben der weltber\u00fchmten (manchmal aus ungl\u00fccklichen Gr\u00fcnden) Anna-Amalia-Bibliothek sowie dem Weimarer Schloss. <\/p>\n\n\n\n<p>Es wurde 1715\u20131718 von Christian Richter im Barockstil erbaut und 1803\u20131804 von Architekt Heinrich Gentz umgebaut. Zu dieser Zeit erhielt das Geb\u00e4ude seine klassizistische Fassade, die noch heute zu sehen ist.<\/p>\n\n\n\n<p>Von 1767 bis 1768 f\u00fchrte die Starcksche Theatergesellschaft Lessings Minna von Barnhelm in dem Geb\u00e4ude auf, und 1790 wurde es von franz\u00f6sischem Stra\u00dfentheater geschm\u00fcckt (nat\u00fcrlich w\u00fcrde es irgendwo hier eine Theaterverbindung f\u00fcr Uli geben); der Franzose Burdot bot Neugierigen ein Feuerwerk vor dem Reithaus (Feuerwerksbudget wird kalkuliert). W\u00e4hrend der Schlacht von Jena-Auerstedt 1806 (Preu\u00dfen gegen Napoleon, ja, er ist viel herumgkommen) diente es als Unterkunft f\u00fcr gefangene Preu\u00dfen und Sachsen, bevor es 1821 den franz\u00f6sischen Reiterakrobaten Tourniaire mit seiner k\u00fcnstlerischen Reitkunst und seinem Balanceakt beherbergte. Ein Jahr sp\u00e4ter kehrte Tourniaire zur\u00fcck und brachte wilde Tiere mit: L\u00f6wen, Leoparden, Gazellen und sogar Eisb\u00e4ren.<\/p>\n\n\n\n<p>Bis 1845 stand das Reithaus unter freiherrlicher Verwaltung und ging sp\u00e4ter in den Besitz der Stadt \u00fcber. 1855 diente es als vor\u00fcbergehende Unterkunft f\u00fcr Gefangene, nachdem ein Zuchthaus abgebrannt war. 1920 wurde es erneut umgebaut, was eine sp\u00e4tere Nutzung als Reithalle unm\u00f6glich machte; die Bauhausschule hatte geplant, das Reithaus zu einem Ausstellungsraum auszubauen, diese Pl\u00e4ne wurden jedoch verworfen. Schlie\u00dflich wurde das Reithaus in ein Verwaltungsgeb\u00e4ude f\u00fcr die Th\u00fcringer Regierung umgewandelt, woraufhin die Bauhausschule die Pl\u00e4ne lieferte und im Gegenzug zwei ebenerdige R\u00e4ume f\u00fcr eigene Zwecke erhielt.<\/p>\n\n\n\n<p>Nach dem Ende des Zweiten Weltkriegs erfolgte eine umfassende Renovierung, und 1947\u20131948 hatten die Ministerien f\u00fcr Gesundheit und Verkehr ihre B\u00fcros im Reithaus. Ab 1951 wurde das Geb\u00e4ude als Kinderkulturzentrum (Haus der Pioniere) genutzt, nach 1989\u20131990 konnte das Geb\u00e4ude dank einer engagierten B\u00fcrgerinitiative und zwischen 1991 und 1990 f\u00fcr die Kinder- und Jugendarbeit genutzt werden 1996 wurde ein Freizeitzentrum f\u00fcr Sch\u00fcler eingerichtet.<\/p>\n\n\n\n<p>Seit dem 10. Juli 1999 wird das Reithaus umfassend restauriert und als Werkstatt- und Veranstaltungsraum f\u00fcr die EJBW genutzt. Es ist fester Bestandteil des Bildungsinstituts und wird sowohl f\u00fcr Seminare als auch f\u00fcr gro\u00dfe Tagungen und Konferenzen genutzt. Das Reithaus ist ein historisches, denkmalgesch\u00fctztes Geb\u00e4ude.<\/p>","protected":false},"excerpt":{"rendered":"<p>Thursday 25th May 20.30 &#8211; Casual cocktails to welcome to Weimar at the Havana Club Bar, Schlo\u00dfgasse. Friday 26th May 19.00 &#8211; Tim and Jill Ware invite you for dinner at Restaurant Apollon, Washingtonstra\u00dfe 2. You can view the food options, and order what you would like here. Saturday 27th May 15:00 &#8211; Ceremony at [&hellip;]<\/p>\n","protected":false},"author":1,"featured_media":0,"parent":0,"menu_order":0,"comment_status":"closed","ping_status":"closed","template":"","meta":{"footnotes":""},"class_list":["post-23","page","type-page","status-publish","hentry"],"_links":{"self":[{"href":"https:\/\/marcus-uli-wedding.de\/de\/wp-json\/wp\/v2\/pages\/23","targetHints":{"allow":["GET"]}}],"collection":[{"href":"https:\/\/marcus-uli-wedding.de\/de\/wp-json\/wp\/v2\/pages"}],"about":[{"href":"https:\/\/marcus-uli-wedding.de\/de\/wp-json\/wp\/v2\/types\/page"}],"author":[{"embeddable":true,"href":"https:\/\/marcus-uli-wedding.de\/de\/wp-json\/wp\/v2\/users\/1"}],"replies":[{"embeddable":true,"href":"https:\/\/marcus-uli-wedding.de\/de\/wp-json\/wp\/v2\/comments?post=23"}],"version-history":[{"count":18,"href":"https:\/\/marcus-uli-wedding.de\/de\/wp-json\/wp\/v2\/pages\/23\/revisions"}],"predecessor-version":[{"id":233,"href":"https:\/\/marcus-uli-wedding.de\/de\/wp-json\/wp\/v2\/pages\/23\/revisions\/233"}],"wp:attachment":[{"href":"https:\/\/marcus-uli-wedding.de\/de\/wp-json\/wp\/v2\/media?parent=23"}],"curies":[{"name":"wp","href":"https:\/\/api.w.org\/{rel}","templated":true}]}}