{"id":37,"date":"2022-12-05T14:32:19","date_gmt":"2022-12-05T14:32:19","guid":{"rendered":"https:\/\/marcus-uli-wedding.de\/?page_id=37"},"modified":"2023-02-09T11:05:16","modified_gmt":"2023-02-09T11:05:16","slug":"travel-info","status":"publish","type":"page","link":"https:\/\/marcus-uli-wedding.de\/de\/travel-info\/","title":{"rendered":"Reiseinfo"},"content":{"rendered":"<p class=\"has-x-large-font-size\"><strong>Anreise<\/strong><\/p>\n\n\n\n<p>F\u00fcr die jenigen, die fliegen, da Weimar fast gleich weit von Berlin und Frankfurt entfernt ist, sind dies normalerweise die besten Optionen, um Fl\u00fcge zu finden. Beide haben gute Zugverbindungen.<\/p>\n\n\n\n<p>Wenn Ihr den Zug nehmen m\u00f6chten, ist Frankfurt etwas einfacher und schneller, da Ihr einen Schnellzug direkt vom Flughafen nach Erfurt, Weimars Nachbarstadt, nehmen k\u00f6nnt. Wohingegen man bei Berlin mindestens einmal umsteigen muss, um den Zug nach Erfurt zu bekommen. Von Erfurt f\u00e4hrt die Bahn regelm\u00e4\u00dfig im 15-Minuten-Takt nach Weimar. <\/p>\n\n\n\n<p>Wenn Ihr die letzte Etappe mit dem Zug fahrt, bucht au\u00dferdem so lange im Voraus wie m\u00f6glich. Die Preise der Deutsche Bahn werden h\u00f6her je sp\u00e4ter man bucht.<\/p>\n\n\n\n<p>Die Fahrt von Frankfurt oder Berlin dauert etwa 2,5 bis 3 Stunden.<\/p>\n\n\n\n<p>Eine n\u00e4here Option, aber schwieriger zu erreichen, ist Leipzig. Sowohl mit dem Auto als auch mit der Bahn gelangt Ihr in etwa einer Stunde von Leipzig nach Weimar.<\/p>\n\n\n\n<p>Eine andere M\u00f6glichkeit w\u00e4re, \u00fcber Prag zu fahren. Dies w\u00e4re eine gro\u00dfartige Gelegenheit f\u00fcr diejenigen, die einen Kurztrip machen m\u00f6chten. Und Prag kann wirklich g\u00fcnstige Fl\u00fcge bieten. Obwohl die Zugverbindungen m\u00fchsam sein k\u00f6nnen (ungef\u00e4hr 6 Stunden mit dem Zug oder 3,5 Stunden Fahrt), habt Ihr die M\u00f6glichkeit, auf Ihrem Weg von oder nach Weimar eine kleine Tour durch ostdeutsche St\u00e4dte zu unternehmen. <\/p>\n\n\n\n<p>Die letzte Option w\u00e4re M\u00fcnchen (nicht auf der Karte angezeigt), es ist etwas weiter entfernt als die vorherigen 4 und hat eine viel l\u00e4ngere Zugverbindung, da alle Schnellz\u00fcge von M\u00fcnchen nach Erfurt \u00fcber Frankfurt fahren m\u00fcssen, was die Zeit verdoppelt. Obwohl es sich wie in Prag um eine \u00e4hnlich lange Fahrt handelt, kann es eine gute Option f\u00fcr diejenigen sein, die andere Teile erkunden m\u00f6chten, und bietet manchmal die besten Flugoptionen. <\/p>\n\n\n\n<p>Wenn Ihr Informationen zu anderen Anreisem\u00f6glichkeiten (Zug, Bus, Kompasspeilung\u2026..) ben\u00f6tigen, stehen wir Euch jederzeit mit Vorschl\u00e4gen zur Seite.<\/p>\n\n\n\n<figure class=\"wp-block-image size-large is-resized\"><img loading=\"lazy\" decoding=\"async\" src=\"https:\/\/marcus-uli-wedding.de\/wp-content\/uploads\/2022\/12\/Weimar_Map-1024x537.png\" alt=\"\" class=\"wp-image-100\" width=\"1197\" height=\"628\" srcset=\"https:\/\/marcus-uli-wedding.de\/wp-content\/uploads\/2022\/12\/Weimar_Map-1024x537.png 1024w, https:\/\/marcus-uli-wedding.de\/wp-content\/uploads\/2022\/12\/Weimar_Map-300x157.png 300w, https:\/\/marcus-uli-wedding.de\/wp-content\/uploads\/2022\/12\/Weimar_Map-768x403.png 768w, https:\/\/marcus-uli-wedding.de\/wp-content\/uploads\/2022\/12\/Weimar_Map-1536x806.png 1536w, https:\/\/marcus-uli-wedding.de\/wp-content\/uploads\/2022\/12\/Weimar_Map-18x9.png 18w, https:\/\/marcus-uli-wedding.de\/wp-content\/uploads\/2022\/12\/Weimar_Map.png 1637w\" sizes=\"auto, (max-width: 1197px) 100vw, 1197px\" \/><\/figure>\n\n\n\n<h2 class=\"has-x-large-font-size wp-block-heading\">Wo \u00fcbernachten<\/h2>\n\n\n\n<p>Weimar ist eine sehr historische und kulturelle Stadt, daher gibt es gl\u00fccklicherweise viele Hotels zur Auswahl. <\/p>\n\n\n\n<p>Zun\u00e4chst einmal haben wir durch den Veranstaltungsort Zugang zu einigen Unterk\u00fcnften erhalten, die ideal f\u00fcr diejenigen sind, die es einfach und etwas billiger halten m\u00f6chten. Wenn Ihr daran interessiert seid, k\u00f6nnt Ihr dies \u00fcber uns arrangieren. <\/p>\n\n\n\n<p>Eine g\u00fcnstige Hoteloption w\u00e4re das <a href=\"https:\/\/www.geleitschenke.de\/herberge.html\">Watzdorfer Geleitschenke<\/a>.<\/p>\n\n\n\n<p>Die mittlere Preisklasse w\u00e4re das <a href=\"https:\/\/hotel-am-frauenplan.de\/en\/front-page-en\/\">Hotel am Frauenplan<\/a>, <a href=\"https:\/\/www.amalienhof-weimar.de\/de\">Amalienhof<\/a> oder der <a href=\"https:\/\/www.schillerhof-weimar.de\/de\">Schillerhof<\/a>.<\/p>\n\n\n\n<p>Wenn Ihr nach einem etwas luxuri\u00f6seren Ort sucht, k\u00f6nnt Ihr euch f\u00fcr das <a href=\"https:\/\/www.hotelelephantweimar.de\/\">Hotel Elephant<\/a>, entscheiden. Ein wundersch\u00f6nes Hotel mit einem Restaurant, das auf einen Michelin-Stern dr\u00e4ngt, und war einst der Ort, an dem Dichter und Adlige \u00fcbernachteten.<\/p>\n\n\n\n<p>Es gibt auch viele Ferienwohnungen in der Stadt zu mieten sowie ein paar B&amp;Bs (Pension auf Deutsch). <\/p>","protected":false},"excerpt":{"rendered":"<p>Arriving For those flying, as Weimar is almost equidistant between Berlin and Frankfurt, those are usually the best options of where to find flights to. Both have decent train connections. But be sure to use the main Frankfurt airport (FRA) as Frankfurt Hahn is one of those typical Ryanair middle of nowhere spots. If planning [&hellip;]<\/p>\n","protected":false},"author":1,"featured_media":0,"parent":0,"menu_order":0,"comment_status":"closed","ping_status":"closed","template":"","meta":{"footnotes":""},"class_list":["post-37","page","type-page","status-publish","hentry"],"_links":{"self":[{"href":"https:\/\/marcus-uli-wedding.de\/de\/wp-json\/wp\/v2\/pages\/37","targetHints":{"allow":["GET"]}}],"collection":[{"href":"https:\/\/marcus-uli-wedding.de\/de\/wp-json\/wp\/v2\/pages"}],"about":[{"href":"https:\/\/marcus-uli-wedding.de\/de\/wp-json\/wp\/v2\/types\/page"}],"author":[{"embeddable":true,"href":"https:\/\/marcus-uli-wedding.de\/de\/wp-json\/wp\/v2\/users\/1"}],"replies":[{"embeddable":true,"href":"https:\/\/marcus-uli-wedding.de\/de\/wp-json\/wp\/v2\/comments?post=37"}],"version-history":[{"count":17,"href":"https:\/\/marcus-uli-wedding.de\/de\/wp-json\/wp\/v2\/pages\/37\/revisions"}],"predecessor-version":[{"id":217,"href":"https:\/\/marcus-uli-wedding.de\/de\/wp-json\/wp\/v2\/pages\/37\/revisions\/217"}],"wp:attachment":[{"href":"https:\/\/marcus-uli-wedding.de\/de\/wp-json\/wp\/v2\/media?parent=37"}],"curies":[{"name":"wp","href":"https:\/\/api.w.org\/{rel}","templated":true}]}}